{"id":1437,"date":"2024-06-05T11:15:19","date_gmt":"2024-06-05T09:15:19","guid":{"rendered":"https:\/\/www.waystream.com\/?page_id=1437"},"modified":"2026-04-15T15:34:34","modified_gmt":"2026-04-15T13:34:34","slug":"utokat-temperaturomrade","status":"publish","type":"page","link":"https:\/\/www.waystream.com\/sv\/products-solutions\/access-switches\/extended-temperature-range\/","title":{"rendered":"Switchar f\u00f6r ut\u00f6kat temperaturomr\u00e5de"},"content":{"rendered":"","protected":false},"excerpt":{"rendered":"","protected":false},"author":2,"featured_media":0,"parent":765,"menu_order":0,"comment_status":"closed","ping_status":"closed","template":"","meta":{"_seopress_robots_primary_cat":"","_seopress_titles_title":"","_seopress_titles_desc":"Waystream\u2019s switches ensure reliable, high-density fiber networks with unique air-cooling design and extended temperature support from -20 to +70 degrees.","_seopress_robots_index":"","footnotes":""},"class_list":["post-1437","page","type-page","status-publish","hentry"],"_links":{"self":[{"href":"https:\/\/www.waystream.com\/sv\/wp-json\/wp\/v2\/pages\/1437","targetHints":{"allow":["GET"]}}],"collection":[{"href":"https:\/\/www.waystream.com\/sv\/wp-json\/wp\/v2\/pages"}],"about":[{"href":"https:\/\/www.waystream.com\/sv\/wp-json\/wp\/v2\/types\/page"}],"author":[{"embeddable":true,"href":"https:\/\/www.waystream.com\/sv\/wp-json\/wp\/v2\/users\/2"}],"replies":[{"embeddable":true,"href":"https:\/\/www.waystream.com\/sv\/wp-json\/wp\/v2\/comments?post=1437"}],"version-history":[{"count":4,"href":"https:\/\/www.waystream.com\/sv\/wp-json\/wp\/v2\/pages\/1437\/revisions"}],"predecessor-version":[{"id":2111,"href":"https:\/\/www.waystream.com\/sv\/wp-json\/wp\/v2\/pages\/1437\/revisions\/2111"}],"up":[{"embeddable":true,"href":"https:\/\/www.waystream.com\/sv\/wp-json\/wp\/v2\/pages\/765"}],"wp:attachment":[{"href":"https:\/\/www.waystream.com\/sv\/wp-json\/wp\/v2\/media?parent=1437"}],"curies":[{"name":"wp","href":"https:\/\/api.w.org\/{rel}","templated":true}]}}