{"id":1986,"date":"2026-01-30T15:37:50","date_gmt":"2026-01-30T14:37:50","guid":{"rendered":"https:\/\/www.waystream.com\/?page_id=1986"},"modified":"2026-01-30T15:37:50","modified_gmt":"2026-01-30T14:37:50","slug":"accessibility-statement","status":"publish","type":"page","link":"https:\/\/www.waystream.com\/de\/accessibility-statement\/","title":{"rendered":"Erkl\u00e4rung zur Zug\u00e4nglichkeit"},"content":{"rendered":"<p>Hier beschreiben wir die M\u00e4ngel der Website in Bezug auf die Zug\u00e4nglichkeit sowie Informationen dar\u00fcber, wie Sie sich mit uns in Verbindung setzen k\u00f6nnen, wenn Sie irgendwelche M\u00e4ngel entdecken. Wir bem\u00fchen uns, eine grundlegende Zug\u00e4nglichkeit zu erreichen, indem wir die Richtlinien WCAG 2.1 AA befolgen.<\/p>\n\n\n\n<h2 class=\"wp-block-heading\">Unzul\u00e4nglichkeiten<\/h2>\n\n\n\n<p>Die folgenden M\u00e4ngel wurden festgestellt:<\/p>\n\n\n\n<h3 class=\"wp-block-heading\">Dokumente<\/h3>\n\n\n\n<p>Es gibt Dokumente auf der Website im PDF-Format, die nicht an die Zug\u00e4nglichkeit angepasst sind.<\/p>\n\n\n\n<h3 class=\"wp-block-heading\">Videos<\/h3>\n\n\n\n<p>Wir haben unsere Videos nicht mit einer Audiobeschreibung versehen. Die meisten Videos auf der Website sind in Videoplayer von Drittanbietern eingebettet, die bestimmte Zug\u00e4nglichkeitsdefizite aufweisen.<\/p>\n\n\n\n<h3 class=\"wp-block-heading\">Inhalt<\/h3>\n\n\n\n<p>Der Inhalt der Website wird laufend aktualisiert, und es besteht die Gefahr, dass die Seiten z. B. \u00dcberschriften haben oder haben werden, die nicht der semantischen Ordnung entsprechen, dass die Farbkontraste mangelhaft sind usw.<\/p>\n\n\n\n<h2 class=\"wp-block-heading\">M\u00e4ngel melden<\/h2>\n\n\n\n<p>Wenn Sie ein Problem entdeckt haben, das nicht auf dieser Seite beschrieben ist, oder wenn Sie daran gehindert werden, auf Informationen auf unserer Website zuzugreifen, k\u00f6nnen Sie uns unten kontaktieren.&nbsp;<\/p>\n\n\n\n<p>E-Mail: **<\/p>\n\n\n\n<h2 class=\"wp-block-heading\">Kontakt mit der Aufsichtsbeh\u00f6rde<\/h2>\n\n\n\n<p>Sie k\u00f6nnen sich auch an die Agentur f\u00fcr digitale Verwaltung wenden, wenn Sie mit der Erf\u00fcllung der Anforderungen an die Barrierefreiheit nicht zufrieden sind. Die Agentur f\u00fcr Digitales Regieren (Digg):&nbsp;<a href=\"https:\/\/www.digg.se\/tdosanmalan\" target=\"_blank\" rel=\"noreferrer noopener\">https:\/\/www.digg.se\/tdosanmalan<\/a><\/p>\n\n\n\n<h2 class=\"wp-block-heading\">Wie wir die Website getestet haben<\/h2>\n\n\n\n<p>Wir haben die Zug\u00e4nglichkeit der Website vor allem mit Hilfe von webbasierten Tools getestet, die die Website scannen.<\/p>","protected":false},"excerpt":{"rendered":"<p>Here we describe the shortcomings the website has in terms of accessibility, as well as information on how you can contact us if you discover any deficiencies. We strive to achieve basic accessibility by following the WCAG 2.1 AA guidelines. Deficiencies The following deficiencies have been noted: Documents There are documents on the website in [&hellip;]<\/p>\n","protected":false},"author":2,"featured_media":0,"parent":0,"menu_order":0,"comment_status":"closed","ping_status":"closed","template":"","meta":{"_seopress_robots_primary_cat":"","_seopress_titles_title":"","_seopress_titles_desc":"Explore Waystream's Accessibility Statement, ensuring our website is accessible and inclusive for all users, in compliance with accessibility standards.","_seopress_robots_index":"","footnotes":""},"class_list":["post-1986","page","type-page","status-publish","hentry"],"_links":{"self":[{"href":"https:\/\/www.waystream.com\/de\/wp-json\/wp\/v2\/pages\/1986","targetHints":{"allow":["GET"]}}],"collection":[{"href":"https:\/\/www.waystream.com\/de\/wp-json\/wp\/v2\/pages"}],"about":[{"href":"https:\/\/www.waystream.com\/de\/wp-json\/wp\/v2\/types\/page"}],"author":[{"embeddable":true,"href":"https:\/\/www.waystream.com\/de\/wp-json\/wp\/v2\/users\/2"}],"replies":[{"embeddable":true,"href":"https:\/\/www.waystream.com\/de\/wp-json\/wp\/v2\/comments?post=1986"}],"version-history":[{"count":2,"href":"https:\/\/www.waystream.com\/de\/wp-json\/wp\/v2\/pages\/1986\/revisions"}],"predecessor-version":[{"id":2003,"href":"https:\/\/www.waystream.com\/de\/wp-json\/wp\/v2\/pages\/1986\/revisions\/2003"}],"wp:attachment":[{"href":"https:\/\/www.waystream.com\/de\/wp-json\/wp\/v2\/media?parent=1986"}],"curies":[{"name":"wp","href":"https:\/\/api.w.org\/{rel}","templated":true}]}}